{"id":7,"date":"2018-10-27T06:28:16","date_gmt":"2018-10-27T06:28:16","guid":{"rendered":"http:\/\/aistimaa.fi\/blog\/?page_id=7"},"modified":"2022-05-04T05:38:20","modified_gmt":"2022-05-04T05:38:20","slug":"tietoja","status":"publish","type":"page","link":"https:\/\/aistimaa.fi\/blog\/tietoja\/","title":{"rendered":"Tietoja blogista"},"content":{"rendered":"<div class=\"col-md-5\">\n<h3>Tietoa blogista<\/h3>\n<p>Porvoon alueelle kohdentuva blogi, jossa pohditaan ajankohtaisia asioita liittyen kaupunkitilaan, luonnonymp\u00e4rist\u00f6\u00f6n tai muihin alueellisiin aiheisiin. Kirjoittaja on Porvoolainen maisema-arkkitehti, joka pyrkii nostamaan esiin n\u00e4k\u00f6kulmia, joita ei yleisess\u00e4 keskustelussa ole huomioitu riitt\u00e4v\u00e4sti ja joilla voi olla merkitt\u00e4v\u00e4 vaikutus kaupunkikehitykseen.<\/p>\n<\/div>\n","protected":false},"excerpt":{"rendered":"<p>Tietoa blogista Porvoon alueelle kohdentuva blogi, jossa pohditaan ajankohtaisia asioita liittyen kaupunkitilaan, luonnonymp\u00e4rist\u00f6\u00f6n tai muihin alueellisiin aiheisiin. Kirjoittaja on Porvoolainen maisema-arkkitehti, joka pyrkii nostamaan esiin n\u00e4k\u00f6kulmia, joita ei yleisess\u00e4 keskustelussa ole huomioitu riitt\u00e4v\u00e4sti ja joilla voi olla merkitt\u00e4v\u00e4 vaikutus kaupunkikehitykseen.<\/p>\n","protected":false},"author":1,"featured_media":0,"parent":0,"menu_order":0,"comment_status":"closed","ping_status":"closed","template":"","meta":{"_lmt_disableupdate":"","_lmt_disable":"","ocean_post_layout":"","ocean_both_sidebars_style":"","ocean_both_sidebars_content_width":0,"ocean_both_sidebars_sidebars_width":0,"ocean_sidebar":"0","ocean_second_sidebar":"0","ocean_disable_margins":"enable","ocean_add_body_class":"","ocean_shortcode_before_top_bar":"","ocean_shortcode_after_top_bar":"","ocean_shortcode_before_header":"","ocean_shortcode_after_header":"","ocean_has_shortcode":"","ocean_shortcode_after_title":"","ocean_shortcode_before_footer_widgets":"","ocean_shortcode_after_footer_widgets":"","ocean_shortcode_before_footer_bottom":"","ocean_shortcode_after_footer_bottom":"","ocean_display_top_bar":"default","ocean_display_header":"default","ocean_header_style":"","ocean_center_header_left_menu":"0","ocean_custom_header_template":"0","ocean_custom_logo":650,"ocean_custom_retina_logo":650,"ocean_custom_logo_max_width":0,"ocean_custom_logo_tablet_max_width":0,"ocean_custom_logo_mobile_max_width":0,"ocean_custom_logo_max_height":0,"ocean_custom_logo_tablet_max_height":0,"ocean_custom_logo_mobile_max_height":0,"ocean_header_custom_menu":"2","ocean_menu_typo_font_family":"0","ocean_menu_typo_font_subset":"","ocean_menu_typo_font_size":0,"ocean_menu_typo_font_size_tablet":0,"ocean_menu_typo_font_size_mobile":0,"ocean_menu_typo_font_size_unit":"px","ocean_menu_typo_font_weight":"","ocean_menu_typo_font_weight_tablet":"","ocean_menu_typo_font_weight_mobile":"","ocean_menu_typo_transform":"","ocean_menu_typo_transform_tablet":"","ocean_menu_typo_transform_mobile":"","ocean_menu_typo_line_height":0,"ocean_menu_typo_line_height_tablet":0,"ocean_menu_typo_line_height_mobile":0,"ocean_menu_typo_line_height_unit":"","ocean_menu_typo_spacing":0,"ocean_menu_typo_spacing_tablet":0,"ocean_menu_typo_spacing_mobile":0,"ocean_menu_typo_spacing_unit":"","ocean_menu_link_color":"","ocean_menu_link_color_hover":"","ocean_menu_link_color_active":"","ocean_menu_link_background":"","ocean_menu_link_hover_background":"","ocean_menu_link_active_background":"","ocean_menu_social_links_bg":"","ocean_menu_social_hover_links_bg":"","ocean_menu_social_links_color":"","ocean_menu_social_hover_links_color":"","ocean_disable_title":"enable","ocean_disable_heading":"enable","ocean_post_title":"PORVOON MAISEMISSA","ocean_post_subheading":"Kaupunkikehitykseen liittyvi\u00e4 ajankohtaisia n\u00e4k\u00f6kulmia","ocean_post_title_style":"","ocean_post_title_background_color":"","ocean_post_title_background":0,"ocean_post_title_bg_image_position":"","ocean_post_title_bg_image_attachment":"","ocean_post_title_bg_image_repeat":"","ocean_post_title_bg_image_size":"","ocean_post_title_height":0,"ocean_post_title_bg_overlay":0.5,"ocean_post_title_bg_overlay_color":"","ocean_disable_breadcrumbs":"default","ocean_breadcrumbs_color":"","ocean_breadcrumbs_separator_color":"","ocean_breadcrumbs_links_color":"","ocean_breadcrumbs_links_hover_color":"","ocean_display_footer_widgets":"default","ocean_display_footer_bottom":"default","ocean_custom_footer_template":"0","footnotes":""},"class_list":["post-7","page","type-page","status-publish","hentry","entry"],"_links":{"self":[{"href":"https:\/\/aistimaa.fi\/blog\/wp-json\/wp\/v2\/pages\/7","targetHints":{"allow":["GET"]}}],"collection":[{"href":"https:\/\/aistimaa.fi\/blog\/wp-json\/wp\/v2\/pages"}],"about":[{"href":"https:\/\/aistimaa.fi\/blog\/wp-json\/wp\/v2\/types\/page"}],"author":[{"embeddable":true,"href":"https:\/\/aistimaa.fi\/blog\/wp-json\/wp\/v2\/users\/1"}],"replies":[{"embeddable":true,"href":"https:\/\/aistimaa.fi\/blog\/wp-json\/wp\/v2\/comments?post=7"}],"version-history":[{"count":6,"href":"https:\/\/aistimaa.fi\/blog\/wp-json\/wp\/v2\/pages\/7\/revisions"}],"predecessor-version":[{"id":242,"href":"https:\/\/aistimaa.fi\/blog\/wp-json\/wp\/v2\/pages\/7\/revisions\/242"}],"wp:attachment":[{"href":"https:\/\/aistimaa.fi\/blog\/wp-json\/wp\/v2\/media?parent=7"}],"curies":[{"name":"wp","href":"https:\/\/api.w.org\/{rel}","templated":true}]}}